{"id":4438,"date":"2023-10-24T22:33:43","date_gmt":"2023-10-24T20:33:43","guid":{"rendered":"https:\/\/menyegzofotos.hu\/about\/"},"modified":"2025-01-06T19:11:53","modified_gmt":"2025-01-06T18:11:53","slug":"eskuvoi-video","status":"publish","type":"page","link":"https:\/\/menyegzofotos.hu\/en\/escuvoi-video\/","title":{"rendered":"Wedding video"},"content":{"rendered":"<div data-elementor-type=\"wp-page\" data-elementor-id=\"4438\" class=\"elementor elementor-4438\" data-elementor-post-type=\"page\">\n\t\t\t\t\t\t<section class=\"elementor-section elementor-top-section elementor-element elementor-element-9023363 elementor-section-boxed elementor-section-height-default elementor-section-height-default\" data-id=\"9023363\" data-element_type=\"section\">\n\t\t\t\t\t\t<div class=\"elementor-container elementor-column-gap-default\">\n\t\t\t\t\t<div class=\"elementor-column elementor-col-100 elementor-top-column elementor-element elementor-element-a993862\" data-id=\"a993862\" data-element_type=\"column\">\n\t\t\t<div class=\"elementor-widget-wrap elementor-element-populated\">\n\t\t\t\t\t\t<div class=\"elementor-element elementor-element-3df477b elementor-widget elementor-widget-video\" data-id=\"3df477b\" data-element_type=\"widget\" data-settings=\"{&quot;youtube_url&quot;:&quot;https:\\\/\\\/youtu.be\\\/vWopNOikkEs&quot;,&quot;video_type&quot;:&quot;youtube&quot;,&quot;controls&quot;:&quot;yes&quot;}\" data-widget_type=\"video.default\">\n\t\t\t\t<div class=\"elementor-widget-container\">\n\t\t\t\t\t<div class=\"elementor-wrapper elementor-open-inline\">\n\t\t\t<div class=\"elementor-video\"><\/div>\t\t<\/div>\n\t\t\t\t<\/div>\n\t\t\t\t<\/div>\n\t\t\t\t<div class=\"elementor-element elementor-element-df1ef60 elementor-widget elementor-widget-video\" data-id=\"df1ef60\" data-element_type=\"widget\" data-settings=\"{&quot;youtube_url&quot;:&quot;https:\\\/\\\/youtu.be\\\/IVJrqT0W2AU&quot;,&quot;video_type&quot;:&quot;youtube&quot;,&quot;controls&quot;:&quot;yes&quot;}\" data-widget_type=\"video.default\">\n\t\t\t\t<div class=\"elementor-widget-container\">\n\t\t\t\t\t<div class=\"elementor-wrapper elementor-open-inline\">\n\t\t\t<div class=\"elementor-video\"><\/div>\t\t<\/div>\n\t\t\t\t<\/div>\n\t\t\t\t<\/div>\n\t\t\t\t\t<\/div>\n\t\t<\/div>\n\t\t\t\t\t<\/div>\n\t\t<\/section>\n\t\t\t\t<section class=\"elementor-section elementor-top-section elementor-element elementor-element-a53b3e1 elementor-section-boxed elementor-section-height-default elementor-section-height-default\" data-id=\"a53b3e1\" data-element_type=\"section\">\n\t\t\t\t\t\t<div class=\"elementor-container elementor-column-gap-default\">\n\t\t\t\t\t<div class=\"elementor-column elementor-col-100 elementor-top-column elementor-element elementor-element-dd24257\" data-id=\"dd24257\" data-element_type=\"column\">\n\t\t\t<div class=\"elementor-widget-wrap\">\n\t\t\t\t\t\t\t<\/div>\n\t\t<\/div>\n\t\t\t\t\t<\/div>\n\t\t<\/section>\n\t\t\t\t<section class=\"elementor-section elementor-top-section elementor-element elementor-element-60219d4 elementor-section-boxed elementor-section-height-default elementor-section-height-default\" data-id=\"60219d4\" data-element_type=\"section\">\n\t\t\t\t\t\t<div class=\"elementor-container elementor-column-gap-default\">\n\t\t\t\t\t<div class=\"elementor-column elementor-col-100 elementor-top-column elementor-element elementor-element-3958544\" data-id=\"3958544\" data-element_type=\"column\">\n\t\t\t<div class=\"elementor-widget-wrap elementor-element-populated\">\n\t\t\t\t\t\t<div class=\"elementor-element elementor-element-5467203 elementor-widget elementor-widget-video\" data-id=\"5467203\" data-element_type=\"widget\" data-settings=\"{&quot;youtube_url&quot;:&quot;https:\\\/\\\/youtu.be\\\/RsRclFk1yg4&quot;,&quot;video_type&quot;:&quot;youtube&quot;,&quot;controls&quot;:&quot;yes&quot;}\" data-widget_type=\"video.default\">\n\t\t\t\t<div class=\"elementor-widget-container\">\n\t\t\t\t\t<div class=\"elementor-wrapper elementor-open-inline\">\n\t\t\t<div class=\"elementor-video\"><\/div>\t\t<\/div>\n\t\t\t\t<\/div>\n\t\t\t\t<\/div>\n\t\t\t\t\t<\/div>\n\t\t<\/div>\n\t\t\t\t\t<\/div>\n\t\t<\/section>\n\t\t\t\t<section class=\"elementor-section elementor-top-section elementor-element elementor-element-1e41bb2 elementor-section-boxed elementor-section-height-default elementor-section-height-default\" data-id=\"1e41bb2\" data-element_type=\"section\">\n\t\t\t\t\t\t<div class=\"elementor-container elementor-column-gap-default\">\n\t\t\t\t\t<div class=\"elementor-column elementor-col-100 elementor-top-column elementor-element elementor-element-7f69886\" data-id=\"7f69886\" data-element_type=\"column\">\n\t\t\t<div class=\"elementor-widget-wrap elementor-element-populated\">\n\t\t\t\t\t\t<div class=\"elementor-element elementor-element-a6ceedb elementor-widget elementor-widget-video\" data-id=\"a6ceedb\" data-element_type=\"widget\" data-settings=\"{&quot;youtube_url&quot;:&quot;https:\\\/\\\/youtu.be\\\/DhVUeHysegs&quot;,&quot;video_type&quot;:&quot;youtube&quot;,&quot;controls&quot;:&quot;yes&quot;}\" data-widget_type=\"video.default\">\n\t\t\t\t<div class=\"elementor-widget-container\">\n\t\t\t\t\t<div class=\"elementor-wrapper elementor-open-inline\">\n\t\t\t<div class=\"elementor-video\"><\/div>\t\t<\/div>\n\t\t\t\t<\/div>\n\t\t\t\t<\/div>\n\t\t\t\t\t<\/div>\n\t\t<\/div>\n\t\t\t\t\t<\/div>\n\t\t<\/section>\n\t\t\t\t<section class=\"elementor-section elementor-top-section elementor-element elementor-element-32c86d8 elementor-section-boxed elementor-section-height-default elementor-section-height-default\" data-id=\"32c86d8\" data-element_type=\"section\">\n\t\t\t\t\t\t<div class=\"elementor-container elementor-column-gap-default\">\n\t\t\t\t\t<div class=\"elementor-column elementor-col-100 elementor-top-column elementor-element elementor-element-6c77a3b\" data-id=\"6c77a3b\" data-element_type=\"column\">\n\t\t\t<div class=\"elementor-widget-wrap elementor-element-populated\">\n\t\t\t\t\t\t<div class=\"elementor-element elementor-element-88936d4 elementor-widget elementor-widget-shortcode\" data-id=\"88936d4\" data-element_type=\"widget\" data-widget_type=\"shortcode.default\">\n\t\t\t\t<div class=\"elementor-widget-container\">\n\t\t\t\t\t<div class=\"elementor-shortcode\"><div class=\"_df_book df-lite\" id=\"df_6706\"  _slug=\"eskuvoi-kezikonyv\" data-title=\"eskuvoi-kezikonyv\" wpoptions=\"true\" thumbtype=\"\" ><\/div><script class=\"df-shortcode-script\" nowprocket type=\"application\/javascript\">window.option_df_6706 = {\"outline\":[],\"autoEnableOutline\":\"false\",\"autoEnableThumbnail\":\"false\",\"overwritePDFOutline\":\"false\",\"direction\":\"1\",\"pageSize\":\"0\",\"source\":\"https:\\\/\\\/menyegzofotos.hu\\\/wp-content\\\/uploads\\\/2025\\\/01\\\/eskuvoi-kezikonyv.pdf\",\"wpOptions\":\"true\"}; if(window.DFLIP && window.DFLIP.parseBooks){window.DFLIP.parseBooks();}<\/script><\/div>\n\t\t\t\t<\/div>\n\t\t\t\t<\/div>\n\t\t\t\t\t<\/div>\n\t\t<\/div>\n\t\t\t\t\t<\/div>\n\t\t<\/section>\n\t\t\t\t<\/div>","protected":false},"excerpt":{"rendered":"<p>https:\/\/youtu.be\/vWopNOikkEshttps:\/\/youtu.be\/IVJrqT0W2AUhttps:\/\/youtu.be\/RsRclFk1yg4https:\/\/youtu.be\/DhVUeHysegs<\/p>","protected":false},"author":1,"featured_media":0,"parent":0,"menu_order":0,"comment_status":"closed","ping_status":"closed","template":"","meta":{"_monsterinsights_skip_tracking":false,"_monsterinsights_sitenote_active":false,"_monsterinsights_sitenote_note":"","_monsterinsights_sitenote_category":0,"footnotes":""},"class_list":["post-4438","page","type-page","status-publish","hentry"],"yoast_head":"<!-- This site is optimized with the Yoast SEO plugin v22.9 - https:\/\/yoast.com\/wordpress\/plugins\/seo\/ -->\n<title>Esk\u00fcv\u0151i vide\u00f3 - Menyegz\u0151 Fot\u00f3s<\/title>\n<meta name=\"robots\" content=\"index, follow, max-snippet:-1, max-image-preview:large, max-video-preview:-1\" \/>\n<link rel=\"canonical\" href=\"https:\/\/menyegzofotos.hu\/en\/escuvoi-video\/\" \/>\n<meta property=\"og:locale\" content=\"en_GB\" \/>\n<meta property=\"og:type\" content=\"article\" \/>\n<meta property=\"og:title\" content=\"Menyegz\u0151 Fot\u00f3s\" \/>\n<meta property=\"og:description\" content=\"https:\/\/youtu.be\/vWopNOikkEshttps:\/\/youtu.be\/IVJrqT0W2AUhttps:\/\/youtu.be\/RsRclFk1yg4https:\/\/youtu.be\/DhVUeHysegs\" \/>\n<meta property=\"og:url\" content=\"https:\/\/menyegzofotos.hu\/en\/escuvoi-video\/\" \/>\n<meta property=\"og:site_name\" content=\"Menyegz\u0151 Fot\u00f3s\" \/>\n<meta property=\"article:publisher\" content=\"https:\/\/www.facebook.com\/menyegzofotos\" \/>\n<meta property=\"article:modified_time\" content=\"2025-01-06T18:11:53+00:00\" \/>\n<meta property=\"og:image\" content=\"https:\/\/menyegzofotos.hu\/wp-content\/uploads\/2023\/11\/306090621_515026003959113_4356289259236203342_n.jpg\" \/>\n\t<meta property=\"og:image:width\" content=\"1000\" \/>\n\t<meta property=\"og:image:height\" content=\"667\" \/>\n\t<meta property=\"og:image:type\" content=\"image\/jpeg\" \/>\n<meta name=\"twitter:card\" content=\"summary_large_image\" \/>\n<script type=\"application\/ld+json\" class=\"yoast-schema-graph\">{\"@context\":\"https:\/\/schema.org\",\"@graph\":[{\"@type\":\"WebPage\",\"@id\":\"https:\/\/menyegzofotos.hu\/eskuvoi-video\/\",\"url\":\"https:\/\/menyegzofotos.hu\/eskuvoi-video\/\",\"name\":\"Esk\u00fcv\u0151i vide\u00f3 - Menyegz\u0151 Fot\u00f3s\",\"isPartOf\":{\"@id\":\"https:\/\/menyegzofotos.hu\/#website\"},\"datePublished\":\"2023-10-24T20:33:43+00:00\",\"dateModified\":\"2025-01-06T18:11:53+00:00\",\"breadcrumb\":{\"@id\":\"https:\/\/menyegzofotos.hu\/eskuvoi-video\/#breadcrumb\"},\"inLanguage\":\"en-GB\",\"potentialAction\":[{\"@type\":\"ReadAction\",\"target\":[\"https:\/\/menyegzofotos.hu\/eskuvoi-video\/\"]}]},{\"@type\":\"BreadcrumbList\",\"@id\":\"https:\/\/menyegzofotos.hu\/eskuvoi-video\/#breadcrumb\",\"itemListElement\":[{\"@type\":\"ListItem\",\"position\":1,\"name\":\"Kezd\u0151oldal\",\"item\":\"https:\/\/menyegzofotos.hu\/\"},{\"@type\":\"ListItem\",\"position\":2,\"name\":\"Esk\u00fcv\u0151i vide\u00f3\"}]},{\"@type\":\"WebSite\",\"@id\":\"https:\/\/menyegzofotos.hu\/#website\",\"url\":\"https:\/\/menyegzofotos.hu\/\",\"name\":\"Menyegz\u0151 Fot\u00f3s\",\"description\":\"\",\"publisher\":{\"@id\":\"https:\/\/menyegzofotos.hu\/#organization\"},\"potentialAction\":[{\"@type\":\"SearchAction\",\"target\":{\"@type\":\"EntryPoint\",\"urlTemplate\":\"https:\/\/menyegzofotos.hu\/?s={search_term_string}\"},\"query-input\":\"required name=search_term_string\"}],\"inLanguage\":\"en-GB\"},{\"@type\":\"Organization\",\"@id\":\"https:\/\/menyegzofotos.hu\/#organization\",\"name\":\"Menyegz\u0151 Fot\u00f3s\",\"url\":\"https:\/\/menyegzofotos.hu\/\",\"logo\":{\"@type\":\"ImageObject\",\"inLanguage\":\"en-GB\",\"@id\":\"https:\/\/menyegzofotos.hu\/#\/schema\/logo\/image\/\",\"url\":\"https:\/\/menyegzofotos.hu\/wp-content\/uploads\/2023\/12\/Menyegzo-fotos-logo-RGB-arany.png\",\"contentUrl\":\"https:\/\/menyegzofotos.hu\/wp-content\/uploads\/2023\/12\/Menyegzo-fotos-logo-RGB-arany.png\",\"width\":1873,\"height\":1426,\"caption\":\"Menyegz\u0151 Fot\u00f3s\"},\"image\":{\"@id\":\"https:\/\/menyegzofotos.hu\/#\/schema\/logo\/image\/\"},\"sameAs\":[\"https:\/\/www.facebook.com\/menyegzofotos\",\"https:\/\/www.instagram.com\/menyegzofotos\"]}]}<\/script>\n<!-- \/ Yoast SEO plugin. -->","yoast_head_json":{"title":"Esk\u00fcv\u0151i vide\u00f3 - Menyegz\u0151 Fot\u00f3s","robots":{"index":"index","follow":"follow","max-snippet":"max-snippet:-1","max-image-preview":"max-image-preview:large","max-video-preview":"max-video-preview:-1"},"canonical":"https:\/\/menyegzofotos.hu\/en\/escuvoi-video\/","og_locale":"en_GB","og_type":"article","og_title":"Menyegz\u0151 Fot\u00f3s","og_description":"https:\/\/youtu.be\/vWopNOikkEshttps:\/\/youtu.be\/IVJrqT0W2AUhttps:\/\/youtu.be\/RsRclFk1yg4https:\/\/youtu.be\/DhVUeHysegs","og_url":"https:\/\/menyegzofotos.hu\/en\/escuvoi-video\/","og_site_name":"Menyegz\u0151 Fot\u00f3s","article_publisher":"https:\/\/www.facebook.com\/menyegzofotos","article_modified_time":"2025-01-06T18:11:53+00:00","og_image":[{"width":1000,"height":667,"url":"https:\/\/menyegzofotos.hu\/wp-content\/uploads\/2023\/11\/306090621_515026003959113_4356289259236203342_n.jpg","type":"image\/jpeg"}],"twitter_card":"summary_large_image","schema":{"@context":"https:\/\/schema.org","@graph":[{"@type":"WebPage","@id":"https:\/\/menyegzofotos.hu\/eskuvoi-video\/","url":"https:\/\/menyegzofotos.hu\/eskuvoi-video\/","name":"Esk\u00fcv\u0151i vide\u00f3 - Menyegz\u0151 Fot\u00f3s","isPartOf":{"@id":"https:\/\/menyegzofotos.hu\/#website"},"datePublished":"2023-10-24T20:33:43+00:00","dateModified":"2025-01-06T18:11:53+00:00","breadcrumb":{"@id":"https:\/\/menyegzofotos.hu\/eskuvoi-video\/#breadcrumb"},"inLanguage":"en-GB","potentialAction":[{"@type":"ReadAction","target":["https:\/\/menyegzofotos.hu\/eskuvoi-video\/"]}]},{"@type":"BreadcrumbList","@id":"https:\/\/menyegzofotos.hu\/eskuvoi-video\/#breadcrumb","itemListElement":[{"@type":"ListItem","position":1,"name":"Kezd\u0151oldal","item":"https:\/\/menyegzofotos.hu\/"},{"@type":"ListItem","position":2,"name":"Esk\u00fcv\u0151i vide\u00f3"}]},{"@type":"WebSite","@id":"https:\/\/menyegzofotos.hu\/#website","url":"https:\/\/menyegzofotos.hu\/","name":"Menyegz\u0151 Fot\u00f3s","description":"","publisher":{"@id":"https:\/\/menyegzofotos.hu\/#organization"},"potentialAction":[{"@type":"SearchAction","target":{"@type":"EntryPoint","urlTemplate":"https:\/\/menyegzofotos.hu\/?s={search_term_string}"},"query-input":"required name=search_term_string"}],"inLanguage":"en-GB"},{"@type":"Organization","@id":"https:\/\/menyegzofotos.hu\/#organization","name":"Menyegz\u0151 Fot\u00f3s","url":"https:\/\/menyegzofotos.hu\/","logo":{"@type":"ImageObject","inLanguage":"en-GB","@id":"https:\/\/menyegzofotos.hu\/#\/schema\/logo\/image\/","url":"https:\/\/menyegzofotos.hu\/wp-content\/uploads\/2023\/12\/Menyegzo-fotos-logo-RGB-arany.png","contentUrl":"https:\/\/menyegzofotos.hu\/wp-content\/uploads\/2023\/12\/Menyegzo-fotos-logo-RGB-arany.png","width":1873,"height":1426,"caption":"Menyegz\u0151 Fot\u00f3s"},"image":{"@id":"https:\/\/menyegzofotos.hu\/#\/schema\/logo\/image\/"},"sameAs":["https:\/\/www.facebook.com\/menyegzofotos","https:\/\/www.instagram.com\/menyegzofotos"]}]}},"_links":{"self":[{"href":"https:\/\/menyegzofotos.hu\/en\/wp-json\/wp\/v2\/pages\/4438","targetHints":{"allow":["GET"]}}],"collection":[{"href":"https:\/\/menyegzofotos.hu\/en\/wp-json\/wp\/v2\/pages"}],"about":[{"href":"https:\/\/menyegzofotos.hu\/en\/wp-json\/wp\/v2\/types\/page"}],"author":[{"embeddable":true,"href":"https:\/\/menyegzofotos.hu\/en\/wp-json\/wp\/v2\/users\/1"}],"replies":[{"embeddable":true,"href":"https:\/\/menyegzofotos.hu\/en\/wp-json\/wp\/v2\/comments?post=4438"}],"version-history":[{"count":22,"href":"https:\/\/menyegzofotos.hu\/en\/wp-json\/wp\/v2\/pages\/4438\/revisions"}],"predecessor-version":[{"id":6714,"href":"https:\/\/menyegzofotos.hu\/en\/wp-json\/wp\/v2\/pages\/4438\/revisions\/6714"}],"wp:attachment":[{"href":"https:\/\/menyegzofotos.hu\/en\/wp-json\/wp\/v2\/media?parent=4438"}],"curies":[{"name":"wp","href":"https:\/\/api.w.org\/{rel}","templated":true}]}}