{"id":4448,"date":"2023-10-24T22:33:44","date_gmt":"2023-10-24T20:33:44","guid":{"rendered":"https:\/\/menyegzofotos.hu\/weddings\/"},"modified":"2025-01-09T17:31:43","modified_gmt":"2025-01-09T16:31:43","slug":"eskuvoi-galeria","status":"publish","type":"page","link":"https:\/\/menyegzofotos.hu\/en\/eskuvoi-gallery\/","title":{"rendered":"Wedding gallery"},"content":{"rendered":"<div data-elementor-type=\"wp-page\" data-elementor-id=\"4448\" class=\"elementor elementor-4448\" data-elementor-post-type=\"page\">\n\t\t\t\t\t\t<section class=\"elementor-section elementor-top-section elementor-element elementor-element-57c93e90 elementor-section-full_width elementor-section-height-min-height elementor-section-items-stretch elementor-section-content-top elementor-section-height-default\" data-id=\"57c93e90\" data-element_type=\"section\" data-settings=\"{&quot;background_background&quot;:&quot;classic&quot;}\">\n\t\t\t\t\t\t<div class=\"elementor-container elementor-column-gap-no\">\n\t\t\t\t\t<div class=\"elementor-column elementor-col-100 elementor-top-column elementor-element elementor-element-66971349\" data-id=\"66971349\" data-element_type=\"column\" data-settings=\"{&quot;background_background&quot;:&quot;classic&quot;}\">\n\t\t\t<div class=\"elementor-widget-wrap elementor-element-populated\">\n\t\t\t\t\t\t<div class=\"elementor-element elementor-element-685430e4 elementor-widget__width-initial elementor-absolute elementor-widget-tablet__width-initial elementor-widget-mobile__width-inherit elementor-widget elementor-widget-spacer\" data-id=\"685430e4\" data-element_type=\"widget\" data-settings=\"{&quot;_position&quot;:&quot;absolute&quot;}\" data-widget_type=\"spacer.default\">\n\t\t\t\t<div class=\"elementor-widget-container\">\n\t\t\t\t\t<div class=\"elementor-spacer\">\n\t\t\t<div class=\"elementor-spacer-inner\"><\/div>\n\t\t<\/div>\n\t\t\t\t<\/div>\n\t\t\t\t<\/div>\n\t\t\t\t<section class=\"elementor-section elementor-inner-section elementor-element elementor-element-2650cff1 elementor-section-boxed elementor-section-height-default elementor-section-height-default\" data-id=\"2650cff1\" data-element_type=\"section\">\n\t\t\t\t\t\t<div class=\"elementor-container elementor-column-gap-no\">\n\t\t\t\t\t<div class=\"elementor-column elementor-col-100 elementor-inner-column elementor-element elementor-element-5f38b4c7\" data-id=\"5f38b4c7\" data-element_type=\"column\">\n\t\t\t<div class=\"elementor-widget-wrap elementor-element-populated\">\n\t\t\t\t\t\t<div class=\"elementor-element elementor-element-5ceceaee elementor-invisible elementor-widget elementor-widget-heading\" data-id=\"5ceceaee\" data-element_type=\"widget\" data-settings=\"{&quot;_animation&quot;:&quot;fadeIn&quot;}\" data-widget_type=\"heading.default\">\n\t\t\t\t<div class=\"elementor-widget-container\">\n\t\t\t<h1 class=\"elementor-heading-title elementor-size-default\">WEDDING GALLERY<\/h1>\t\t<\/div>\n\t\t\t\t<\/div>\n\t\t\t\t<div class=\"elementor-element elementor-element-614e1c13 elementor-invisible elementor-widget elementor-widget-text-editor\" data-id=\"614e1c13\" data-element_type=\"widget\" data-settings=\"{&quot;_animation&quot;:&quot;fadeIn&quot;,&quot;_animation_delay&quot;:&quot;200&quot;}\" data-widget_type=\"text-editor.default\">\n\t\t\t\t<div class=\"elementor-widget-container\">\n\t\t\t\t\t\t\t<p>I've captured many weddings over the years, check out the wedding gallery I've put together.<\/p><p>If you like my work, feel free to contact me!<\/p>\t\t\t\t\t\t<\/div>\n\t\t\t\t<\/div>\n\t\t\t\t\t<\/div>\n\t\t<\/div>\n\t\t\t\t\t<\/div>\n\t\t<\/section>\n\t\t\t\t<div class=\"elementor-element elementor-element-044e81e uael-img-grid-tablet__column-2 uael-img-grid-mobile__column-1 uael-img-grid__column-4 uael-ins-normal uael-img-caption-valign-bottom elementor-widget elementor-widget-uael-image-gallery\" data-id=\"044e81e\" data-element_type=\"widget\" data-settings=\"{&quot;gallery_columns_tablet&quot;:&quot;2&quot;,&quot;gallery_columns_mobile&quot;:&quot;1&quot;,&quot;gallery_columns&quot;:&quot;4&quot;,&quot;column_gap&quot;:{&quot;unit&quot;:&quot;px&quot;,&quot;size&quot;:20,&quot;sizes&quot;:[]},&quot;column_gap_tablet&quot;:{&quot;unit&quot;:&quot;px&quot;,&quot;size&quot;:&quot;&quot;,&quot;sizes&quot;:[]},&quot;column_gap_mobile&quot;:{&quot;unit&quot;:&quot;px&quot;,&quot;size&quot;:&quot;&quot;,&quot;sizes&quot;:[]},&quot;row_gap&quot;:{&quot;unit&quot;:&quot;px&quot;,&quot;size&quot;:20,&quot;sizes&quot;:[]},&quot;row_gap_tablet&quot;:{&quot;unit&quot;:&quot;px&quot;,&quot;size&quot;:&quot;&quot;,&quot;sizes&quot;:[]},&quot;row_gap_mobile&quot;:{&quot;unit&quot;:&quot;px&quot;,&quot;size&quot;:&quot;&quot;,&quot;sizes&quot;:[]},&quot;images_valign&quot;:&quot;flex-start&quot;,&quot;caption_padding&quot;:{&quot;unit&quot;:&quot;px&quot;,&quot;top&quot;:&quot;&quot;,&quot;right&quot;:&quot;&quot;,&quot;bottom&quot;:&quot;&quot;,&quot;left&quot;:&quot;&quot;,&quot;isLinked&quot;:true},&quot;caption_padding_tablet&quot;:{&quot;unit&quot;:&quot;px&quot;,&quot;top&quot;:&quot;&quot;,&quot;right&quot;:&quot;&quot;,&quot;bottom&quot;:&quot;&quot;,&quot;left&quot;:&quot;&quot;,&quot;isLinked&quot;:true},&quot;caption_padding_mobile&quot;:{&quot;unit&quot;:&quot;px&quot;,&quot;top&quot;:&quot;&quot;,&quot;right&quot;:&quot;&quot;,&quot;bottom&quot;:&quot;&quot;,&quot;left&quot;:&quot;&quot;,&quot;isLinked&quot;:true}}\" data-widget_type=\"uael-image-gallery.default\">\n\t\t\t\t<div class=\"elementor-widget-container\">\n\t\t\t<div class=\"uael-gallery-parent uael-caption-on-hover uael-gallery-unjustified\"><div class=\"uael-img-gallery-wrap uael-img-grid-wrap uael-img-grid-masonry-wrap\" data-filter-default=\"All\"><div class=\"uael-grid-item  uael-img-gallery-item-1\"><div class=\"uael-grid-item-content\"><a class=\"uael-grid-img uael-grid-gallery-img uael-ins-hover elementor-clickable\" target=\"_self\" href=\"https:\/\/menyegzofotos.hu\/en\/eskuvoi-gallery-dori-es-viktor\/\" data-elementor-open-lightbox=\"no\"><div class=\"uael-grid-img-thumbnail uael-ins-target\"><img fetchpriority=\"high\" decoding=\"async\" width=\"1202\" height=\"1800\" src=\"https:\/\/menyegzofotos.hu\/wp-content\/uploads\/2023\/12\/DSC_7104.jpg\" class=\"attachment-full size-full wp-image-6105\" alt=\"Wedding gallery\" srcset=\"https:\/\/menyegzofotos.hu\/wp-content\/uploads\/2023\/12\/DSC_7104.jpg 1202w, https:\/\/menyegzofotos.hu\/wp-content\/uploads\/2023\/12\/DSC_7104-200x300.jpg 200w, https:\/\/menyegzofotos.hu\/wp-content\/uploads\/2023\/12\/DSC_7104-467x700.jpg 467w, https:\/\/menyegzofotos.hu\/wp-content\/uploads\/2023\/12\/DSC_7104-768x1150.jpg 768w, https:\/\/menyegzofotos.hu\/wp-content\/uploads\/2023\/12\/DSC_7104-1026x1536.jpg 1026w\" sizes=\"(max-width: 1202px) 100vw, 1202px\" \/><\/div><div class=\"uael-grid-img-overlay\"><\/div><\/a><figcaption class=\"uael-grid-img-content\"><div class=\"uael-grid-img-caption\"><h3 class=\"uael-grid-caption-text\">D\u00f3ri and Viktor<\/h3><\/div><\/figcaption><\/div><\/div><div class=\"uael-grid-item  uael-img-gallery-item-2\"><div class=\"uael-grid-item-content\"><a class=\"uael-grid-img uael-grid-gallery-img uael-ins-hover elementor-clickable\" target=\"_self\" href=\"https:\/\/menyegzofotos.hu\/en\/escuvoi-gallery-lilko-es-patrik\/\" data-elementor-open-lightbox=\"no\"><div class=\"uael-grid-img-thumbnail uael-ins-target\"><img decoding=\"async\" width=\"1202\" height=\"1800\" src=\"https:\/\/menyegzofotos.hu\/wp-content\/uploads\/2023\/12\/DSC_7705.jpg\" class=\"attachment-full size-full wp-image-6137\" alt=\"Wedding gallery\" srcset=\"https:\/\/menyegzofotos.hu\/wp-content\/uploads\/2023\/12\/DSC_7705.jpg 1202w, https:\/\/menyegzofotos.hu\/wp-content\/uploads\/2023\/12\/DSC_7705-200x300.jpg 200w, https:\/\/menyegzofotos.hu\/wp-content\/uploads\/2023\/12\/DSC_7705-467x700.jpg 467w, https:\/\/menyegzofotos.hu\/wp-content\/uploads\/2023\/12\/DSC_7705-768x1150.jpg 768w, https:\/\/menyegzofotos.hu\/wp-content\/uploads\/2023\/12\/DSC_7705-1026x1536.jpg 1026w\" sizes=\"(max-width: 1202px) 100vw, 1202px\" \/><\/div><div class=\"uael-grid-img-overlay\"><\/div><\/a><figcaption class=\"uael-grid-img-content\"><div class=\"uael-grid-img-caption\"><h3 class=\"uael-grid-caption-text\">Lilko and Patrik<\/h3><\/div><\/figcaption><\/div><\/div><div class=\"uael-grid-item  uael-img-gallery-item-3\"><div class=\"uael-grid-item-content\"><a class=\"uael-grid-img uael-grid-gallery-img uael-ins-hover elementor-clickable\" target=\"_self\" href=\"https:\/\/menyegzofotos.hu\/en\/eskuvoi-gallery-kriszti-es-marci\/\" data-elementor-open-lightbox=\"no\"><div class=\"uael-grid-img-thumbnail uael-ins-target\"><img decoding=\"async\" width=\"1709\" height=\"2560\" src=\"https:\/\/menyegzofotos.hu\/wp-content\/uploads\/2025\/01\/SZS_3199-scaled.jpg\" class=\"attachment-full size-full wp-image-6746\" alt=\"Wedding gallery\" srcset=\"https:\/\/menyegzofotos.hu\/wp-content\/uploads\/2025\/01\/SZS_3199-scaled.jpg 1709w, https:\/\/menyegzofotos.hu\/wp-content\/uploads\/2025\/01\/SZS_3199-200x300.jpg 200w, https:\/\/menyegzofotos.hu\/wp-content\/uploads\/2025\/01\/SZS_3199-467x700.jpg 467w, https:\/\/menyegzofotos.hu\/wp-content\/uploads\/2025\/01\/SZS_3199-768x1150.jpg 768w, https:\/\/menyegzofotos.hu\/wp-content\/uploads\/2025\/01\/SZS_3199-1025x1536.jpg 1025w, https:\/\/menyegzofotos.hu\/wp-content\/uploads\/2025\/01\/SZS_3199-1367x2048.jpg 1367w, https:\/\/menyegzofotos.hu\/wp-content\/uploads\/2025\/01\/SZS_3199-8x12.jpg 8w\" sizes=\"(max-width: 1709px) 100vw, 1709px\" \/><\/div><div class=\"uael-grid-img-overlay\"><\/div><\/a><figcaption class=\"uael-grid-img-content\"><div class=\"uael-grid-img-caption\"><h3 class=\"uael-grid-caption-text\">Kriszti and Marci<\/h3><\/div><\/figcaption><\/div><\/div><div class=\"uael-grid-item  uael-img-gallery-item-4\"><div class=\"uael-grid-item-content\"><a class=\"uael-grid-img uael-grid-gallery-img uael-ins-hover elementor-clickable\" target=\"_self\" href=\"https:\/\/menyegzofotos.hu\/en\/eskuvoi-gallery-franciska-es-matyi\/\" data-elementor-open-lightbox=\"no\"><div class=\"uael-grid-img-thumbnail uael-ins-target\"><img loading=\"lazy\" decoding=\"async\" width=\"1202\" height=\"1800\" src=\"https:\/\/menyegzofotos.hu\/wp-content\/uploads\/2023\/12\/franciskaesmatyi-156.jpg\" class=\"attachment-full size-full wp-image-6283\" alt=\"\" srcset=\"https:\/\/menyegzofotos.hu\/wp-content\/uploads\/2023\/12\/franciskaesmatyi-156.jpg 1202w, https:\/\/menyegzofotos.hu\/wp-content\/uploads\/2023\/12\/franciskaesmatyi-156-200x300.jpg 200w, https:\/\/menyegzofotos.hu\/wp-content\/uploads\/2023\/12\/franciskaesmatyi-156-467x700.jpg 467w, https:\/\/menyegzofotos.hu\/wp-content\/uploads\/2023\/12\/franciskaesmatyi-156-768x1150.jpg 768w, https:\/\/menyegzofotos.hu\/wp-content\/uploads\/2023\/12\/franciskaesmatyi-156-1026x1536.jpg 1026w\" sizes=\"(max-width: 1202px) 100vw, 1202px\" \/><\/div><div class=\"uael-grid-img-overlay\"><\/div><\/a><figcaption class=\"uael-grid-img-content\"><div class=\"uael-grid-img-caption\"><h3 class=\"uael-grid-caption-text\">Franciska and Matyi<\/h3><\/div><\/figcaption><\/div><\/div><div class=\"uael-grid-item  uael-img-gallery-item-5\"><div class=\"uael-grid-item-content\"><a class=\"uael-grid-img uael-grid-gallery-img uael-ins-hover elementor-clickable\" target=\"_self\" href=\"https:\/\/menyegzofotos.hu\/en\/escuvoi-galeria-fanni-es-roli\/\" data-elementor-open-lightbox=\"no\"><div class=\"uael-grid-img-thumbnail uael-ins-target\"><img loading=\"lazy\" decoding=\"async\" width=\"1709\" height=\"2560\" src=\"https:\/\/menyegzofotos.hu\/wp-content\/uploads\/2024\/01\/DSC_7404-scaled.jpg\" class=\"attachment-full size-full wp-image-6438\" alt=\"Wedding gallery\" srcset=\"https:\/\/menyegzofotos.hu\/wp-content\/uploads\/2024\/01\/DSC_7404-scaled.jpg 1709w, https:\/\/menyegzofotos.hu\/wp-content\/uploads\/2024\/01\/DSC_7404-200x300.jpg 200w, https:\/\/menyegzofotos.hu\/wp-content\/uploads\/2024\/01\/DSC_7404-467x700.jpg 467w, https:\/\/menyegzofotos.hu\/wp-content\/uploads\/2024\/01\/DSC_7404-768x1150.jpg 768w, https:\/\/menyegzofotos.hu\/wp-content\/uploads\/2024\/01\/DSC_7404-1025x1536.jpg 1025w, https:\/\/menyegzofotos.hu\/wp-content\/uploads\/2024\/01\/DSC_7404-1367x2048.jpg 1367w\" sizes=\"(max-width: 1709px) 100vw, 1709px\" \/><\/div><div class=\"uael-grid-img-overlay\"><\/div><\/a><figcaption class=\"uael-grid-img-content\"><div class=\"uael-grid-img-caption\"><h3 class=\"uael-grid-caption-text\">Fanni and Roli<\/h3><\/div><\/figcaption><\/div><\/div><div class=\"uael-grid-item  uael-img-gallery-item-6\"><div class=\"uael-grid-item-content\"><a class=\"uael-grid-img uael-grid-gallery-img uael-ins-hover elementor-clickable\" target=\"_self\" href=\"https:\/\/menyegzofotos.hu\/en\/eskuvoi-gallery-eskuvoi-es-roli\/\" data-elementor-open-lightbox=\"no\"><div class=\"uael-grid-img-thumbnail uael-ins-target\"><img loading=\"lazy\" decoding=\"async\" width=\"668\" height=\"1000\" src=\"https:\/\/menyegzofotos.hu\/wp-content\/uploads\/2024\/02\/DSC_6903.jpg\" class=\"attachment-full size-full wp-image-6588\" alt=\"\" srcset=\"https:\/\/menyegzofotos.hu\/wp-content\/uploads\/2024\/02\/DSC_6903.jpg 668w, https:\/\/menyegzofotos.hu\/wp-content\/uploads\/2024\/02\/DSC_6903-200x300.jpg 200w, https:\/\/menyegzofotos.hu\/wp-content\/uploads\/2024\/02\/DSC_6903-468x700.jpg 468w\" sizes=\"(max-width: 668px) 100vw, 668px\" \/><\/div><div class=\"uael-grid-img-overlay\"><\/div><\/a><figcaption class=\"uael-grid-img-content\"><div class=\"uael-grid-img-caption\"><h3 class=\"uael-grid-caption-text\">Eszti and Roli<\/h3><\/div><\/figcaption><\/div><\/div><div class=\"uael-grid-item  uael-img-gallery-item-7\"><div class=\"uael-grid-item-content\"><a class=\"uael-grid-img uael-grid-gallery-img uael-ins-hover elementor-clickable\" target=\"_self\" href=\"https:\/\/menyegzofotos.hu\/en\/eskuvoi-gallery-viki-es-martin\/\" data-elementor-open-lightbox=\"no\"><div class=\"uael-grid-img-thumbnail uael-ins-target\"><img loading=\"lazy\" decoding=\"async\" width=\"668\" height=\"1000\" src=\"https:\/\/menyegzofotos.hu\/wp-content\/uploads\/2024\/02\/DSC_7414.jpg\" class=\"attachment-full size-full wp-image-6634\" alt=\"\" srcset=\"https:\/\/menyegzofotos.hu\/wp-content\/uploads\/2024\/02\/DSC_7414.jpg 668w, https:\/\/menyegzofotos.hu\/wp-content\/uploads\/2024\/02\/DSC_7414-200x300.jpg 200w, https:\/\/menyegzofotos.hu\/wp-content\/uploads\/2024\/02\/DSC_7414-468x700.jpg 468w\" sizes=\"(max-width: 668px) 100vw, 668px\" \/><\/div><div class=\"uael-grid-img-overlay\"><\/div><\/a><figcaption class=\"uael-grid-img-content\"><div class=\"uael-grid-img-caption\"><h3 class=\"uael-grid-caption-text\">Viki and Martin<\/h3><\/div><\/figcaption><\/div><\/div><\/div><\/div>\t\t<\/div>\n\t\t\t\t<\/div>\n\t\t\t\t\t<\/div>\n\t\t<\/div>\n\t\t\t\t\t<\/div>\n\t\t<\/section>\n\t\t\t\t<section class=\"elementor-section elementor-top-section elementor-element elementor-element-77e8cbd elementor-section-boxed elementor-section-height-default elementor-section-height-default\" data-id=\"77e8cbd\" data-element_type=\"section\">\n\t\t\t\t\t\t<div class=\"elementor-container elementor-column-gap-no\">\n\t\t\t\t\t<div class=\"elementor-column elementor-col-100 elementor-top-column elementor-element elementor-element-66011f5\" data-id=\"66011f5\" data-element_type=\"column\">\n\t\t\t<div class=\"elementor-widget-wrap\">\n\t\t\t\t\t\t\t<\/div>\n\t\t<\/div>\n\t\t\t\t\t<\/div>\n\t\t<\/section>\n\t\t\t\t<\/div>","protected":false},"excerpt":{"rendered":"<p>ESK\u00dcV\u0150I GAL\u00c9RIA Az elm\u00falt \u00e9vekben sok esk\u00fcv\u0151t \u00f6r\u00f6k\u00edtettem meg, n\u00e9zz sz\u00e9t az \u00e1ltalam \u00f6sszev\u00e1logatott esk\u00fcv\u0151i gal\u00e9ria k\u00e9pei k\u00f6z\u00f6tt. Ha tetszenek a munk\u00e1im, keress bizalommal! D\u00f3ri \u00e9s Viktor Lilko \u00e9s Patrik Kriszti \u00e9s Marci Franciska \u00e9s Matyi Fanni \u00e9s Roli Eszti \u00e9s Roli Viki \u00e9s Martin<\/p>","protected":false},"author":1,"featured_media":0,"parent":0,"menu_order":0,"comment_status":"closed","ping_status":"closed","template":"","meta":{"_monsterinsights_skip_tracking":false,"_monsterinsights_sitenote_active":false,"_monsterinsights_sitenote_note":"","_monsterinsights_sitenote_category":0,"footnotes":""},"class_list":["post-4448","page","type-page","status-publish","hentry"],"yoast_head":"<!-- This site is optimized with the Yoast SEO plugin v22.9 - https:\/\/yoast.com\/wordpress\/plugins\/seo\/ -->\n<title>Esk\u00fcv\u0151i gal\u00e9ria - Menyegz\u0151 Fot\u00f3s<\/title>\n<meta name=\"description\" content=\"Az elm\u00falt \u00e9vekben sok esk\u00fcv\u0151t \u00f6r\u00f6k\u00edtettem meg, n\u00e9zz sz\u00e9t az \u00e1ltalam v\u00e1logatott esk\u00fcv\u0151i gal\u00e9ria k\u00e9pei k\u00f6z\u00f6tt \u00e9s keress bizalommal!\" \/>\n<meta name=\"robots\" content=\"index, follow, max-snippet:-1, max-image-preview:large, max-video-preview:-1\" \/>\n<link rel=\"canonical\" href=\"https:\/\/menyegzofotos.hu\/en\/eskuvoi-gallery\/\" \/>\n<meta property=\"og:locale\" content=\"en_GB\" \/>\n<meta property=\"og:type\" content=\"article\" \/>\n<meta property=\"og:title\" content=\"Menyegz\u0151 Fot\u00f3s\" \/>\n<meta property=\"og:description\" content=\"Az elm\u00falt \u00e9vekben sok esk\u00fcv\u0151t \u00f6r\u00f6k\u00edtettem meg, n\u00e9zz sz\u00e9t az \u00e1ltalam v\u00e1logatott esk\u00fcv\u0151i gal\u00e9ria k\u00e9pei k\u00f6z\u00f6tt \u00e9s keress bizalommal!\" \/>\n<meta property=\"og:url\" content=\"https:\/\/menyegzofotos.hu\/en\/eskuvoi-gallery\/\" \/>\n<meta property=\"og:site_name\" content=\"Menyegz\u0151 Fot\u00f3s\" \/>\n<meta property=\"article:publisher\" content=\"https:\/\/www.facebook.com\/menyegzofotos\" \/>\n<meta property=\"article:modified_time\" content=\"2025-01-09T16:31:43+00:00\" \/>\n<meta property=\"og:image\" content=\"https:\/\/menyegzofotos.hu\/wp-content\/uploads\/2023\/11\/DSC_7376.jpg\" \/>\n\t<meta property=\"og:image:width\" content=\"1500\" \/>\n\t<meta property=\"og:image:height\" content=\"1002\" \/>\n\t<meta property=\"og:image:type\" content=\"image\/jpeg\" \/>\n<meta name=\"twitter:card\" content=\"summary_large_image\" \/>\n<meta name=\"twitter:label1\" content=\"Estimated reading time\" \/>\n\t<meta name=\"twitter:data1\" content=\"2 minutes\" \/>\n<script type=\"application\/ld+json\" class=\"yoast-schema-graph\">{\"@context\":\"https:\/\/schema.org\",\"@graph\":[{\"@type\":\"WebPage\",\"@id\":\"https:\/\/menyegzofotos.hu\/eskuvoi-galeria\/\",\"url\":\"https:\/\/menyegzofotos.hu\/eskuvoi-galeria\/\",\"name\":\"Esk\u00fcv\u0151i gal\u00e9ria - Menyegz\u0151 Fot\u00f3s\",\"isPartOf\":{\"@id\":\"https:\/\/menyegzofotos.hu\/#website\"},\"primaryImageOfPage\":{\"@id\":\"https:\/\/menyegzofotos.hu\/eskuvoi-galeria\/#primaryimage\"},\"image\":{\"@id\":\"https:\/\/menyegzofotos.hu\/eskuvoi-galeria\/#primaryimage\"},\"thumbnailUrl\":\"https:\/\/menyegzofotos.hu\/wp-content\/uploads\/2023\/12\/DSC_7104.jpg\",\"datePublished\":\"2023-10-24T20:33:44+00:00\",\"dateModified\":\"2025-01-09T16:31:43+00:00\",\"description\":\"Az elm\u00falt \u00e9vekben sok esk\u00fcv\u0151t \u00f6r\u00f6k\u00edtettem meg, n\u00e9zz sz\u00e9t az \u00e1ltalam v\u00e1logatott esk\u00fcv\u0151i gal\u00e9ria k\u00e9pei k\u00f6z\u00f6tt \u00e9s keress bizalommal!\",\"breadcrumb\":{\"@id\":\"https:\/\/menyegzofotos.hu\/eskuvoi-galeria\/#breadcrumb\"},\"inLanguage\":\"en-GB\",\"potentialAction\":[{\"@type\":\"ReadAction\",\"target\":[\"https:\/\/menyegzofotos.hu\/eskuvoi-galeria\/\"]}]},{\"@type\":\"ImageObject\",\"inLanguage\":\"en-GB\",\"@id\":\"https:\/\/menyegzofotos.hu\/eskuvoi-galeria\/#primaryimage\",\"url\":\"https:\/\/menyegzofotos.hu\/wp-content\/uploads\/2023\/12\/DSC_7104.jpg\",\"contentUrl\":\"https:\/\/menyegzofotos.hu\/wp-content\/uploads\/2023\/12\/DSC_7104.jpg\"},{\"@type\":\"BreadcrumbList\",\"@id\":\"https:\/\/menyegzofotos.hu\/eskuvoi-galeria\/#breadcrumb\",\"itemListElement\":[{\"@type\":\"ListItem\",\"position\":1,\"name\":\"Kezd\u0151oldal\",\"item\":\"https:\/\/menyegzofotos.hu\/\"},{\"@type\":\"ListItem\",\"position\":2,\"name\":\"Esk\u00fcv\u0151i gal\u00e9ria\"}]},{\"@type\":\"WebSite\",\"@id\":\"https:\/\/menyegzofotos.hu\/#website\",\"url\":\"https:\/\/menyegzofotos.hu\/\",\"name\":\"Menyegz\u0151 Fot\u00f3s\",\"description\":\"\",\"publisher\":{\"@id\":\"https:\/\/menyegzofotos.hu\/#organization\"},\"potentialAction\":[{\"@type\":\"SearchAction\",\"target\":{\"@type\":\"EntryPoint\",\"urlTemplate\":\"https:\/\/menyegzofotos.hu\/?s={search_term_string}\"},\"query-input\":\"required name=search_term_string\"}],\"inLanguage\":\"en-GB\"},{\"@type\":\"Organization\",\"@id\":\"https:\/\/menyegzofotos.hu\/#organization\",\"name\":\"Menyegz\u0151 Fot\u00f3s\",\"url\":\"https:\/\/menyegzofotos.hu\/\",\"logo\":{\"@type\":\"ImageObject\",\"inLanguage\":\"en-GB\",\"@id\":\"https:\/\/menyegzofotos.hu\/#\/schema\/logo\/image\/\",\"url\":\"https:\/\/menyegzofotos.hu\/wp-content\/uploads\/2023\/12\/Menyegzo-fotos-logo-RGB-arany.png\",\"contentUrl\":\"https:\/\/menyegzofotos.hu\/wp-content\/uploads\/2023\/12\/Menyegzo-fotos-logo-RGB-arany.png\",\"width\":1873,\"height\":1426,\"caption\":\"Menyegz\u0151 Fot\u00f3s\"},\"image\":{\"@id\":\"https:\/\/menyegzofotos.hu\/#\/schema\/logo\/image\/\"},\"sameAs\":[\"https:\/\/www.facebook.com\/menyegzofotos\",\"https:\/\/www.instagram.com\/menyegzofotos\"]}]}<\/script>\n<!-- \/ Yoast SEO plugin. -->","yoast_head_json":{"title":"Esk\u00fcv\u0151i gal\u00e9ria - Menyegz\u0151 Fot\u00f3s","description":"Az elm\u00falt \u00e9vekben sok esk\u00fcv\u0151t \u00f6r\u00f6k\u00edtettem meg, n\u00e9zz sz\u00e9t az \u00e1ltalam v\u00e1logatott esk\u00fcv\u0151i gal\u00e9ria k\u00e9pei k\u00f6z\u00f6tt \u00e9s keress bizalommal!","robots":{"index":"index","follow":"follow","max-snippet":"max-snippet:-1","max-image-preview":"max-image-preview:large","max-video-preview":"max-video-preview:-1"},"canonical":"https:\/\/menyegzofotos.hu\/en\/eskuvoi-gallery\/","og_locale":"en_GB","og_type":"article","og_title":"Menyegz\u0151 Fot\u00f3s","og_description":"Az elm\u00falt \u00e9vekben sok esk\u00fcv\u0151t \u00f6r\u00f6k\u00edtettem meg, n\u00e9zz sz\u00e9t az \u00e1ltalam v\u00e1logatott esk\u00fcv\u0151i gal\u00e9ria k\u00e9pei k\u00f6z\u00f6tt \u00e9s keress bizalommal!","og_url":"https:\/\/menyegzofotos.hu\/en\/eskuvoi-gallery\/","og_site_name":"Menyegz\u0151 Fot\u00f3s","article_publisher":"https:\/\/www.facebook.com\/menyegzofotos","article_modified_time":"2025-01-09T16:31:43+00:00","og_image":[{"width":1500,"height":1002,"url":"https:\/\/menyegzofotos.hu\/wp-content\/uploads\/2023\/11\/DSC_7376.jpg","type":"image\/jpeg"}],"twitter_card":"summary_large_image","twitter_misc":{"Estimated reading time":"2 minutes"},"schema":{"@context":"https:\/\/schema.org","@graph":[{"@type":"WebPage","@id":"https:\/\/menyegzofotos.hu\/eskuvoi-galeria\/","url":"https:\/\/menyegzofotos.hu\/eskuvoi-galeria\/","name":"Esk\u00fcv\u0151i gal\u00e9ria - Menyegz\u0151 Fot\u00f3s","isPartOf":{"@id":"https:\/\/menyegzofotos.hu\/#website"},"primaryImageOfPage":{"@id":"https:\/\/menyegzofotos.hu\/eskuvoi-galeria\/#primaryimage"},"image":{"@id":"https:\/\/menyegzofotos.hu\/eskuvoi-galeria\/#primaryimage"},"thumbnailUrl":"https:\/\/menyegzofotos.hu\/wp-content\/uploads\/2023\/12\/DSC_7104.jpg","datePublished":"2023-10-24T20:33:44+00:00","dateModified":"2025-01-09T16:31:43+00:00","description":"Az elm\u00falt \u00e9vekben sok esk\u00fcv\u0151t \u00f6r\u00f6k\u00edtettem meg, n\u00e9zz sz\u00e9t az \u00e1ltalam v\u00e1logatott esk\u00fcv\u0151i gal\u00e9ria k\u00e9pei k\u00f6z\u00f6tt \u00e9s keress bizalommal!","breadcrumb":{"@id":"https:\/\/menyegzofotos.hu\/eskuvoi-galeria\/#breadcrumb"},"inLanguage":"en-GB","potentialAction":[{"@type":"ReadAction","target":["https:\/\/menyegzofotos.hu\/eskuvoi-galeria\/"]}]},{"@type":"ImageObject","inLanguage":"en-GB","@id":"https:\/\/menyegzofotos.hu\/eskuvoi-galeria\/#primaryimage","url":"https:\/\/menyegzofotos.hu\/wp-content\/uploads\/2023\/12\/DSC_7104.jpg","contentUrl":"https:\/\/menyegzofotos.hu\/wp-content\/uploads\/2023\/12\/DSC_7104.jpg"},{"@type":"BreadcrumbList","@id":"https:\/\/menyegzofotos.hu\/eskuvoi-galeria\/#breadcrumb","itemListElement":[{"@type":"ListItem","position":1,"name":"Kezd\u0151oldal","item":"https:\/\/menyegzofotos.hu\/"},{"@type":"ListItem","position":2,"name":"Esk\u00fcv\u0151i gal\u00e9ria"}]},{"@type":"WebSite","@id":"https:\/\/menyegzofotos.hu\/#website","url":"https:\/\/menyegzofotos.hu\/","name":"Menyegz\u0151 Fot\u00f3s","description":"","publisher":{"@id":"https:\/\/menyegzofotos.hu\/#organization"},"potentialAction":[{"@type":"SearchAction","target":{"@type":"EntryPoint","urlTemplate":"https:\/\/menyegzofotos.hu\/?s={search_term_string}"},"query-input":"required name=search_term_string"}],"inLanguage":"en-GB"},{"@type":"Organization","@id":"https:\/\/menyegzofotos.hu\/#organization","name":"Menyegz\u0151 Fot\u00f3s","url":"https:\/\/menyegzofotos.hu\/","logo":{"@type":"ImageObject","inLanguage":"en-GB","@id":"https:\/\/menyegzofotos.hu\/#\/schema\/logo\/image\/","url":"https:\/\/menyegzofotos.hu\/wp-content\/uploads\/2023\/12\/Menyegzo-fotos-logo-RGB-arany.png","contentUrl":"https:\/\/menyegzofotos.hu\/wp-content\/uploads\/2023\/12\/Menyegzo-fotos-logo-RGB-arany.png","width":1873,"height":1426,"caption":"Menyegz\u0151 Fot\u00f3s"},"image":{"@id":"https:\/\/menyegzofotos.hu\/#\/schema\/logo\/image\/"},"sameAs":["https:\/\/www.facebook.com\/menyegzofotos","https:\/\/www.instagram.com\/menyegzofotos"]}]}},"_links":{"self":[{"href":"https:\/\/menyegzofotos.hu\/en\/wp-json\/wp\/v2\/pages\/4448","targetHints":{"allow":["GET"]}}],"collection":[{"href":"https:\/\/menyegzofotos.hu\/en\/wp-json\/wp\/v2\/pages"}],"about":[{"href":"https:\/\/menyegzofotos.hu\/en\/wp-json\/wp\/v2\/types\/page"}],"author":[{"embeddable":true,"href":"https:\/\/menyegzofotos.hu\/en\/wp-json\/wp\/v2\/users\/1"}],"replies":[{"embeddable":true,"href":"https:\/\/menyegzofotos.hu\/en\/wp-json\/wp\/v2\/comments?post=4448"}],"version-history":[{"count":6,"href":"https:\/\/menyegzofotos.hu\/en\/wp-json\/wp\/v2\/pages\/4448\/revisions"}],"predecessor-version":[{"id":6813,"href":"https:\/\/menyegzofotos.hu\/en\/wp-json\/wp\/v2\/pages\/4448\/revisions\/6813"}],"wp:attachment":[{"href":"https:\/\/menyegzofotos.hu\/en\/wp-json\/wp\/v2\/media?parent=4448"}],"curies":[{"name":"wp","href":"https:\/\/api.w.org\/{rel}","templated":true}]}}