{"id":6022,"date":"2023-12-12T00:30:34","date_gmt":"2023-12-11T22:30:34","guid":{"rendered":"https:\/\/menyegzofotos.hu\/?page_id=6022"},"modified":"2023-12-15T15:09:43","modified_gmt":"2023-12-15T13:09:43","slug":"impresszum","status":"publish","type":"page","link":"https:\/\/menyegzofotos.hu\/en\/masthead\/","title":{"rendered":"Imprint"},"content":{"rendered":"<div data-elementor-type=\"wp-page\" data-elementor-id=\"6022\" class=\"elementor elementor-6022\" data-elementor-post-type=\"page\">\n\t\t\t\t\t\t<section class=\"elementor-section elementor-top-section elementor-element elementor-element-dbf0126 elementor-section-boxed elementor-section-height-default elementor-section-height-default\" data-id=\"dbf0126\" data-element_type=\"section\">\n\t\t\t\t\t\t<div class=\"elementor-container elementor-column-gap-default\">\n\t\t\t\t\t<div class=\"elementor-column elementor-col-100 elementor-top-column elementor-element elementor-element-ec3ce70\" data-id=\"ec3ce70\" data-element_type=\"column\">\n\t\t\t<div class=\"elementor-widget-wrap elementor-element-populated\">\n\t\t\t\t\t\t<div class=\"elementor-element elementor-element-55f90c5 elementor-widget elementor-widget-heading\" data-id=\"55f90c5\" data-element_type=\"widget\" data-widget_type=\"heading.default\">\n\t\t\t\t<div class=\"elementor-widget-container\">\n\t\t\t<h2 class=\"elementor-heading-title elementor-size-default\">Imprint<\/h2>\t\t<\/div>\n\t\t\t\t<\/div>\n\t\t\t\t<div class=\"elementor-element elementor-element-a3cae1e elementor-widget elementor-widget-text-editor\" data-id=\"a3cae1e\" data-element_type=\"widget\" data-widget_type=\"text-editor.default\">\n\t\t\t\t<div class=\"elementor-widget-container\">\n\t\t\t\t\t\t\t<p>Site owner: S\u00e1ndor Szab\u00f3 sole proprietor<\/p><p>Head office: 8000 Sz\u00e9kesfeh\u00e9rv\u00e1r, Budai \u00fat 82. 4\/10.<\/p><p>Tax number: 56423545-1-27<\/p><p>Registration number: 55066976<\/p><p>Phone: +36703191854<\/p><p>E-mail: szabosandor@menyegzofotos.hu<\/p><p>Chamber of Commerce and Industry of Fej\u00e9r County<\/p><p>Storage provider: storage.Eu Service Provider Ltd.<\/p><p>Registered office: 1144 Budapest, Orm\u00e1ns\u00e1g u. 4. 10\/241.<\/p><p>Tax number: 14571332-2-42<\/p><p>Company registration number: 01-09-909968<\/p><p>Website: https:\/\/tarhely.eu\/<\/p><p>E-mail: gdpr@tarhely.eu<\/p>\t\t\t\t\t\t<\/div>\n\t\t\t\t<\/div>\n\t\t\t\t\t<\/div>\n\t\t<\/div>\n\t\t\t\t\t<\/div>\n\t\t<\/section>\n\t\t\t\t<\/div>","protected":false},"excerpt":{"rendered":"<p>Imprint Owner of the site: Szab\u00f3 S\u00e1ndor individual entrepreneur Registered office: 8000 Sz\u00e9kesfeh\u00e9rv\u00e1r, Budai \u00fat 82. 4\/10. Tax number: 56423545-1-27 Registration number: 55066976 Phone: +36703191854 E-mail: szabosandor@menyegzofotos.hu Chamber of Commerce and Industry of Fej\u00e9r County Depository service provider: T\u00e1rhely.Eu Szolg\u00e1ltat\u00f3 Kft. Registered office: 1144 Budapest, Orm\u00e1ns\u00e1g u. 4. 10\/241. Tax number: 14571332-2-42 Company registration number: 01-09-909968 Website: https:\/\/tarhely.eu\/ E-mail: gdpr@tarhely.eu<\/p>","protected":false},"author":1,"featured_media":0,"parent":0,"menu_order":0,"comment_status":"closed","ping_status":"closed","template":"elementor_header_footer","meta":{"_monsterinsights_skip_tracking":false,"_monsterinsights_sitenote_active":false,"_monsterinsights_sitenote_note":"","_monsterinsights_sitenote_category":0,"footnotes":""},"class_list":["post-6022","page","type-page","status-publish","hentry"],"yoast_head":"<!-- This site is optimized with the Yoast SEO plugin v22.9 - https:\/\/yoast.com\/wordpress\/plugins\/seo\/ -->\n<title>Impresszum - Menyegz\u0151 Fot\u00f3s<\/title>\n<meta name=\"robots\" content=\"index, follow, max-snippet:-1, max-image-preview:large, max-video-preview:-1\" \/>\n<link rel=\"canonical\" href=\"https:\/\/menyegzofotos.hu\/en\/masthead\/\" \/>\n<meta property=\"og:locale\" content=\"en_GB\" \/>\n<meta property=\"og:type\" content=\"article\" \/>\n<meta property=\"og:title\" content=\"Impresszum - Menyegz\u0151 Fot\u00f3s\" \/>\n<meta property=\"og:description\" content=\"Impresszum Az oldal tulajdonosa: Szab\u00f3 S\u00e1ndor egy\u00e9ni v\u00e1llalkoz\u00f3 Sz\u00e9khely: 8000 Sz\u00e9kesfeh\u00e9rv\u00e1r, Budai \u00fat 82. 4\/10. Ad\u00f3sz\u00e1m: 56423545-1-27 Nyilv\u00e1ntart\u00e1si sz\u00e1m: 55066976 Telefon: +36703191854 E-mail: szabosandor@menyegzofotos.hu Kamara: Fej\u00e9r Megyei Kereskedelmi \u00e9s Iparkamara T\u00e1rhely szolg\u00e1ltat\u00f3: T\u00e1rhely.Eu Szolg\u00e1ltat\u00f3 Kft. Sz\u00e9khely: 1144 Budapest, Orm\u00e1ns\u00e1g u. 4. 10\/241. Ad\u00f3sz\u00e1m: 14571332-2-42 C\u00e9gjegyz\u00e9ksz\u00e1m: 01-09-909968 Weboldal: https:\/\/tarhely.eu\/ E-mail: gdpr@tarhely.eu\" \/>\n<meta property=\"og:url\" content=\"https:\/\/menyegzofotos.hu\/en\/masthead\/\" \/>\n<meta property=\"og:site_name\" content=\"Menyegz\u0151 Fot\u00f3s\" \/>\n<meta property=\"article:publisher\" content=\"https:\/\/www.facebook.com\/menyegzofotos\" \/>\n<meta property=\"article:modified_time\" content=\"2023-12-15T13:09:43+00:00\" \/>\n<meta name=\"twitter:card\" content=\"summary_large_image\" \/>\n<meta name=\"twitter:label1\" content=\"Estimated reading time\" \/>\n\t<meta name=\"twitter:data1\" content=\"1 minute\" \/>\n<script type=\"application\/ld+json\" class=\"yoast-schema-graph\">{\"@context\":\"https:\/\/schema.org\",\"@graph\":[{\"@type\":\"WebPage\",\"@id\":\"https:\/\/menyegzofotos.hu\/impresszum\/\",\"url\":\"https:\/\/menyegzofotos.hu\/impresszum\/\",\"name\":\"Impresszum - Menyegz\u0151 Fot\u00f3s\",\"isPartOf\":{\"@id\":\"https:\/\/menyegzofotos.hu\/#website\"},\"datePublished\":\"2023-12-11T22:30:34+00:00\",\"dateModified\":\"2023-12-15T13:09:43+00:00\",\"breadcrumb\":{\"@id\":\"https:\/\/menyegzofotos.hu\/impresszum\/#breadcrumb\"},\"inLanguage\":\"en-GB\",\"potentialAction\":[{\"@type\":\"ReadAction\",\"target\":[\"https:\/\/menyegzofotos.hu\/impresszum\/\"]}]},{\"@type\":\"BreadcrumbList\",\"@id\":\"https:\/\/menyegzofotos.hu\/impresszum\/#breadcrumb\",\"itemListElement\":[{\"@type\":\"ListItem\",\"position\":1,\"name\":\"Kezd\u0151oldal\",\"item\":\"https:\/\/menyegzofotos.hu\/\"},{\"@type\":\"ListItem\",\"position\":2,\"name\":\"Impresszum\"}]},{\"@type\":\"WebSite\",\"@id\":\"https:\/\/menyegzofotos.hu\/#website\",\"url\":\"https:\/\/menyegzofotos.hu\/\",\"name\":\"Menyegz\u0151 Fot\u00f3s\",\"description\":\"\",\"publisher\":{\"@id\":\"https:\/\/menyegzofotos.hu\/#organization\"},\"potentialAction\":[{\"@type\":\"SearchAction\",\"target\":{\"@type\":\"EntryPoint\",\"urlTemplate\":\"https:\/\/menyegzofotos.hu\/?s={search_term_string}\"},\"query-input\":\"required name=search_term_string\"}],\"inLanguage\":\"en-GB\"},{\"@type\":\"Organization\",\"@id\":\"https:\/\/menyegzofotos.hu\/#organization\",\"name\":\"Menyegz\u0151 Fot\u00f3s\",\"url\":\"https:\/\/menyegzofotos.hu\/\",\"logo\":{\"@type\":\"ImageObject\",\"inLanguage\":\"en-GB\",\"@id\":\"https:\/\/menyegzofotos.hu\/#\/schema\/logo\/image\/\",\"url\":\"https:\/\/menyegzofotos.hu\/wp-content\/uploads\/2023\/12\/Menyegzo-fotos-logo-RGB-arany.png\",\"contentUrl\":\"https:\/\/menyegzofotos.hu\/wp-content\/uploads\/2023\/12\/Menyegzo-fotos-logo-RGB-arany.png\",\"width\":1873,\"height\":1426,\"caption\":\"Menyegz\u0151 Fot\u00f3s\"},\"image\":{\"@id\":\"https:\/\/menyegzofotos.hu\/#\/schema\/logo\/image\/\"},\"sameAs\":[\"https:\/\/www.facebook.com\/menyegzofotos\",\"https:\/\/www.instagram.com\/menyegzofotos\"]}]}<\/script>\n<!-- \/ Yoast SEO plugin. -->","yoast_head_json":{"title":"Impresszum - Menyegz\u0151 Fot\u00f3s","robots":{"index":"index","follow":"follow","max-snippet":"max-snippet:-1","max-image-preview":"max-image-preview:large","max-video-preview":"max-video-preview:-1"},"canonical":"https:\/\/menyegzofotos.hu\/en\/masthead\/","og_locale":"en_GB","og_type":"article","og_title":"Impresszum - Menyegz\u0151 Fot\u00f3s","og_description":"Impresszum Az oldal tulajdonosa: Szab\u00f3 S\u00e1ndor egy\u00e9ni v\u00e1llalkoz\u00f3 Sz\u00e9khely: 8000 Sz\u00e9kesfeh\u00e9rv\u00e1r, Budai \u00fat 82. 4\/10. Ad\u00f3sz\u00e1m: 56423545-1-27 Nyilv\u00e1ntart\u00e1si sz\u00e1m: 55066976 Telefon: +36703191854 E-mail: szabosandor@menyegzofotos.hu Kamara: Fej\u00e9r Megyei Kereskedelmi \u00e9s Iparkamara T\u00e1rhely szolg\u00e1ltat\u00f3: T\u00e1rhely.Eu Szolg\u00e1ltat\u00f3 Kft. Sz\u00e9khely: 1144 Budapest, Orm\u00e1ns\u00e1g u. 4. 10\/241. Ad\u00f3sz\u00e1m: 14571332-2-42 C\u00e9gjegyz\u00e9ksz\u00e1m: 01-09-909968 Weboldal: https:\/\/tarhely.eu\/ E-mail: gdpr@tarhely.eu","og_url":"https:\/\/menyegzofotos.hu\/en\/masthead\/","og_site_name":"Menyegz\u0151 Fot\u00f3s","article_publisher":"https:\/\/www.facebook.com\/menyegzofotos","article_modified_time":"2023-12-15T13:09:43+00:00","twitter_card":"summary_large_image","twitter_misc":{"Estimated reading time":"1 minute"},"schema":{"@context":"https:\/\/schema.org","@graph":[{"@type":"WebPage","@id":"https:\/\/menyegzofotos.hu\/impresszum\/","url":"https:\/\/menyegzofotos.hu\/impresszum\/","name":"Impresszum - Menyegz\u0151 Fot\u00f3s","isPartOf":{"@id":"https:\/\/menyegzofotos.hu\/#website"},"datePublished":"2023-12-11T22:30:34+00:00","dateModified":"2023-12-15T13:09:43+00:00","breadcrumb":{"@id":"https:\/\/menyegzofotos.hu\/impresszum\/#breadcrumb"},"inLanguage":"en-GB","potentialAction":[{"@type":"ReadAction","target":["https:\/\/menyegzofotos.hu\/impresszum\/"]}]},{"@type":"BreadcrumbList","@id":"https:\/\/menyegzofotos.hu\/impresszum\/#breadcrumb","itemListElement":[{"@type":"ListItem","position":1,"name":"Kezd\u0151oldal","item":"https:\/\/menyegzofotos.hu\/"},{"@type":"ListItem","position":2,"name":"Impresszum"}]},{"@type":"WebSite","@id":"https:\/\/menyegzofotos.hu\/#website","url":"https:\/\/menyegzofotos.hu\/","name":"Menyegz\u0151 Fot\u00f3s","description":"","publisher":{"@id":"https:\/\/menyegzofotos.hu\/#organization"},"potentialAction":[{"@type":"SearchAction","target":{"@type":"EntryPoint","urlTemplate":"https:\/\/menyegzofotos.hu\/?s={search_term_string}"},"query-input":"required name=search_term_string"}],"inLanguage":"en-GB"},{"@type":"Organization","@id":"https:\/\/menyegzofotos.hu\/#organization","name":"Menyegz\u0151 Fot\u00f3s","url":"https:\/\/menyegzofotos.hu\/","logo":{"@type":"ImageObject","inLanguage":"en-GB","@id":"https:\/\/menyegzofotos.hu\/#\/schema\/logo\/image\/","url":"https:\/\/menyegzofotos.hu\/wp-content\/uploads\/2023\/12\/Menyegzo-fotos-logo-RGB-arany.png","contentUrl":"https:\/\/menyegzofotos.hu\/wp-content\/uploads\/2023\/12\/Menyegzo-fotos-logo-RGB-arany.png","width":1873,"height":1426,"caption":"Menyegz\u0151 Fot\u00f3s"},"image":{"@id":"https:\/\/menyegzofotos.hu\/#\/schema\/logo\/image\/"},"sameAs":["https:\/\/www.facebook.com\/menyegzofotos","https:\/\/www.instagram.com\/menyegzofotos"]}]}},"_links":{"self":[{"href":"https:\/\/menyegzofotos.hu\/en\/wp-json\/wp\/v2\/pages\/6022","targetHints":{"allow":["GET"]}}],"collection":[{"href":"https:\/\/menyegzofotos.hu\/en\/wp-json\/wp\/v2\/pages"}],"about":[{"href":"https:\/\/menyegzofotos.hu\/en\/wp-json\/wp\/v2\/types\/page"}],"author":[{"embeddable":true,"href":"https:\/\/menyegzofotos.hu\/en\/wp-json\/wp\/v2\/users\/1"}],"replies":[{"embeddable":true,"href":"https:\/\/menyegzofotos.hu\/en\/wp-json\/wp\/v2\/comments?post=6022"}],"version-history":[{"count":0,"href":"https:\/\/menyegzofotos.hu\/en\/wp-json\/wp\/v2\/pages\/6022\/revisions"}],"wp:attachment":[{"href":"https:\/\/menyegzofotos.hu\/en\/wp-json\/wp\/v2\/media?parent=6022"}],"curies":[{"name":"wp","href":"https:\/\/api.w.org\/{rel}","templated":true}]}}